{"id":1511,"date":"2021-06-30T15:32:53","date_gmt":"2021-06-30T15:32:53","guid":{"rendered":"https:\/\/junoapp.co\/product\/erinnerungsbuch-druckgutschein"},"modified":"2021-07-02T02:00:17","modified_gmt":"2021-07-02T00:00:17","slug":"erinnerungsbuch-druckgutschein","status":"publish","type":"product","link":"https:\/\/junoapp.co\/de\/product\/erinnerungsbuch-druckgutschein","title":{"rendered":"Erinnerungsbuch Druckgutschein"},"content":{"rendered":"<p>Erinnerungsb\u00fccher sind eine tolle M\u00f6glichkeit, die Erinnerungen von Kindern zu speichern. Kaufen Sie jetzt einen Druckgutschein f\u00fcr ein automatisch erstelltes Erinnerungsbuch durch unsere kostenfreie Erinnerungsbuch-App Juno &#8211; memories for your child. Sehen Sie <a href=\"https:\/\/junoapp.co\/de\/erinnerungsbuch\">hier<\/a>, wie ein gedrucktes Erinnerungsbuch, das mit der App erstellt wurde, aussieht.\u00a0Unser Erinnerungsbuch-Druckgutschein ist ein tolles Geschenk f\u00fcr Eltern. Verschenken Sie ein Leben voller Erinnerungen!<\/p>\n<p>&nbsp;<\/p>\n","protected":false},"excerpt":{"rendered":"<p>Druckgutschein f\u00fcr ein aus der App Juno &#8211; memories for your child erstelltes Erinnerungsbuch. Der Beschenkte kann die Eintr\u00e4ge ausw\u00e4hlen und so viele Erinnerungsb\u00fccher drucken, wie er m\u00f6chte.<\/p>\n","protected":false},"featured_media":1458,"template":"","meta":{"inline_featured_image":false},"product_brand":[],"product_cat":[123],"product_tag":[],"class_list":{"0":"post-1511","1":"product","2":"type-product","3":"status-publish","4":"has-post-thumbnail","6":"product_cat-unkategorisiert","7":"pa_value-30_eur-de","8":"pa_value-40_eur-de","9":"pa_value-50_eur-de","10":"pa_value-60_eur-de","11":"pa_value-70_eur-de","12":"pa_value-80_eur-de","13":"pa_value-90_eur-de","14":"pa_value-100_eur-de","15":"pa_value-120_eur-de","16":"pa_value-150_eur-de","18":"first","19":"instock","20":"sale","21":"taxable","22":"shipping-taxable","23":"purchasable","24":"product-type-variable"},"_links":{"self":[{"href":"https:\/\/junoapp.co\/de\/wp-json\/wp\/v2\/product\/1511","targetHints":{"allow":["GET"]}}],"collection":[{"href":"https:\/\/junoapp.co\/de\/wp-json\/wp\/v2\/product"}],"about":[{"href":"https:\/\/junoapp.co\/de\/wp-json\/wp\/v2\/types\/product"}],"wp:featuredmedia":[{"embeddable":true,"href":"https:\/\/junoapp.co\/de\/wp-json\/wp\/v2\/media\/1458"}],"wp:attachment":[{"href":"https:\/\/junoapp.co\/de\/wp-json\/wp\/v2\/media?parent=1511"}],"wp:term":[{"taxonomy":"product_brand","embeddable":true,"href":"https:\/\/junoapp.co\/de\/wp-json\/wp\/v2\/product_brand?post=1511"},{"taxonomy":"product_cat","embeddable":true,"href":"https:\/\/junoapp.co\/de\/wp-json\/wp\/v2\/product_cat?post=1511"},{"taxonomy":"product_tag","embeddable":true,"href":"https:\/\/junoapp.co\/de\/wp-json\/wp\/v2\/product_tag?post=1511"}],"curies":[{"name":"wp","href":"https:\/\/api.w.org\/{rel}","templated":true}]}}